{"id":3718,"date":"2024-03-17T19:49:44","date_gmt":"2024-03-17T19:49:44","guid":{"rendered":"https:\/\/vamosarecorrerelmundo.com\/?page_id=3718"},"modified":"2024-07-21T03:42:55","modified_gmt":"2024-07-21T03:42:55","slug":"descuento-holafly","status":"publish","type":"page","link":"https:\/\/vamosarecorrerelmundo.com\/index.php\/descuento-holafly\/","title":{"rendered":"descuento holafly"},"content":{"rendered":"\t\t<div data-elementor-type=\"wp-page\" data-elementor-id=\"3718\" class=\"elementor elementor-3718\">\n\t\t\t\t\t\t\t<div class=\"elementor-element elementor-element-682a94e e-con-full e-flex e-con e-parent\" data-id=\"682a94e\" data-element_type=\"container\" data-settings=\"{&quot;background_background&quot;:&quot;classic&quot;,&quot;content_width&quot;:&quot;full&quot;,&quot;container_type&quot;:&quot;flex&quot;}\" data-e-bg-lazyload=\"\" data-core-v316-plus=\"true\">\n\t\t\t\t<div class=\"elementor-element elementor-element-7b07387 elementor-widget elementor-widget-heading\" data-id=\"7b07387\" data-element_type=\"widget\" data-widget_type=\"heading.default\">\n\t\t\t\t<div class=\"elementor-widget-container\">\n\t\t\t<style>\/*! elementor - v3.17.0 - 08-11-2023 *\/\n.elementor-heading-title{padding:0;margin:0;line-height:1}.elementor-widget-heading .elementor-heading-title[class*=elementor-size-]>a{color:inherit;font-size:inherit;line-height:inherit}.elementor-widget-heading .elementor-heading-title.elementor-size-small{font-size:15px}.elementor-widget-heading .elementor-heading-title.elementor-size-medium{font-size:19px}.elementor-widget-heading .elementor-heading-title.elementor-size-large{font-size:29px}.elementor-widget-heading .elementor-heading-title.elementor-size-xl{font-size:39px}.elementor-widget-heading .elementor-heading-title.elementor-size-xxl{font-size:59px}<\/style><h1 class=\"elementor-heading-title elementor-size-default\"><b>DATOS MOVILES EN CUALQUIER LUGAR DEL MUNDO<\/b><\/h1>\t\t<\/div>\n\t\t\t\t<\/div>\n\t\t\t\t<\/div>\n\t\t<div class=\"elementor-element elementor-element-2e550b7 e-flex e-con-boxed e-con e-parent\" data-id=\"2e550b7\" data-element_type=\"container\" data-settings=\"{&quot;container_type&quot;:&quot;flex&quot;,&quot;content_width&quot;:&quot;boxed&quot;}\" data-core-v316-plus=\"true\">\n\t\t\t\t\t<div class=\"e-con-inner\">\n\t\t\t\t<div class=\"elementor-element elementor-element-422d623 elementor-widget elementor-widget-spacer\" data-id=\"422d623\" data-element_type=\"widget\" data-widget_type=\"spacer.default\">\n\t\t\t\t<div class=\"elementor-widget-container\">\n\t\t\t<style>\/*! elementor - v3.17.0 - 08-11-2023 *\/\n.elementor-column .elementor-spacer-inner{height:var(--spacer-size)}.e-con{--container-widget-width:100%}.e-con-inner>.elementor-widget-spacer,.e-con>.elementor-widget-spacer{width:var(--container-widget-width,var(--spacer-size));--align-self:var(--container-widget-align-self,initial);--flex-shrink:0}.e-con-inner>.elementor-widget-spacer>.elementor-widget-container,.e-con>.elementor-widget-spacer>.elementor-widget-container{height:100%;width:100%}.e-con-inner>.elementor-widget-spacer>.elementor-widget-container>.elementor-spacer,.e-con>.elementor-widget-spacer>.elementor-widget-container>.elementor-spacer{height:100%}.e-con-inner>.elementor-widget-spacer>.elementor-widget-container>.elementor-spacer>.elementor-spacer-inner,.e-con>.elementor-widget-spacer>.elementor-widget-container>.elementor-spacer>.elementor-spacer-inner{height:var(--container-widget-height,var(--spacer-size))}.e-con-inner>.elementor-widget-spacer.elementor-widget-empty,.e-con>.elementor-widget-spacer.elementor-widget-empty{position:relative;min-height:22px;min-width:22px}.e-con-inner>.elementor-widget-spacer.elementor-widget-empty .elementor-widget-empty-icon,.e-con>.elementor-widget-spacer.elementor-widget-empty .elementor-widget-empty-icon{position:absolute;top:0;bottom:0;left:0;right:0;margin:auto;padding:0;width:22px;height:22px}<\/style>\t\t<div class=\"elementor-spacer\">\n\t\t\t<div class=\"elementor-spacer-inner\"><\/div>\n\t\t<\/div>\n\t\t\t\t<\/div>\n\t\t\t\t<\/div>\n\t\t\t\t\t<\/div>\n\t\t\t\t<\/div>\n\t\t<div class=\"elementor-element elementor-element-b38a8aa e-flex e-con-boxed e-con e-parent\" data-id=\"b38a8aa\" data-element_type=\"container\" data-settings=\"{&quot;container_type&quot;:&quot;flex&quot;,&quot;content_width&quot;:&quot;boxed&quot;}\" data-core-v316-plus=\"true\">\n\t\t\t\t\t<div class=\"e-con-inner\">\n\t\t\t\t<div class=\"elementor-element elementor-element-04b7bfa elementor-widget elementor-widget-heading\" data-id=\"04b7bfa\" data-element_type=\"widget\" data-widget_type=\"heading.default\">\n\t\t\t\t<div class=\"elementor-widget-container\">\n\t\t\t<h2 class=\"elementor-heading-title elementor-size-default\">INTERNET DESDE EL MOMENTO EN QUE ATERRIZAS<\/h2>\t\t<\/div>\n\t\t\t\t<\/div>\n\t\t\t\t\t<\/div>\n\t\t\t\t<\/div>\n\t\t<div class=\"elementor-element elementor-element-a7074d6 e-flex e-con-boxed e-con e-parent\" data-id=\"a7074d6\" data-element_type=\"container\" data-settings=\"{&quot;container_type&quot;:&quot;flex&quot;,&quot;content_width&quot;:&quot;boxed&quot;}\" data-core-v316-plus=\"true\">\n\t\t\t\t\t<div class=\"e-con-inner\">\n\t\t\t\t<div class=\"elementor-element elementor-element-00284fe elementor-widget elementor-widget-text-editor\" data-id=\"00284fe\" data-element_type=\"widget\" data-widget_type=\"text-editor.default\">\n\t\t\t\t<div class=\"elementor-widget-container\">\n\t\t\t<style>\/*! elementor - v3.17.0 - 08-11-2023 *\/\n.elementor-widget-text-editor.elementor-drop-cap-view-stacked .elementor-drop-cap{background-color:#69727d;color:#fff}.elementor-widget-text-editor.elementor-drop-cap-view-framed .elementor-drop-cap{color:#69727d;border:3px solid;background-color:transparent}.elementor-widget-text-editor:not(.elementor-drop-cap-view-default) .elementor-drop-cap{margin-top:8px}.elementor-widget-text-editor:not(.elementor-drop-cap-view-default) .elementor-drop-cap-letter{width:1em;height:1em}.elementor-widget-text-editor .elementor-drop-cap{float:left;text-align:center;line-height:1;font-size:50px}.elementor-widget-text-editor .elementor-drop-cap-letter{display:inline-block}<\/style>\t\t\t\t<p style=\"text-align: center;\"><b>\u00a1Descubre la revolucionaria eSIM de Holafly para tener datos m\u00f3viles en cualquier lugar del mundo!<\/b><\/p><p>\u00a0<\/p><p style=\"text-align: center;\"><b><img fetchpriority=\"high\" decoding=\"async\" class=\"alignnone size-medium wp-image-3802\" src=\"https:\/\/vamosarecorrerelmundo.com\/wp-content\/uploads\/2024\/03\/original-9CF72273-EF61-44A1-8F3F-9672E9375F1B-225x300.jpeg\" alt=\"\" width=\"225\" height=\"300\" srcset=\"https:\/\/vamosarecorrerelmundo.com\/wp-content\/uploads\/2024\/03\/original-9CF72273-EF61-44A1-8F3F-9672E9375F1B-225x300.jpeg 225w, https:\/\/vamosarecorrerelmundo.com\/wp-content\/uploads\/2024\/03\/original-9CF72273-EF61-44A1-8F3F-9672E9375F1B-768x1024.jpeg 768w, https:\/\/vamosarecorrerelmundo.com\/wp-content\/uploads\/2024\/03\/original-9CF72273-EF61-44A1-8F3F-9672E9375F1B.jpeg 960w\" sizes=\"(max-width: 225px) 100vw, 225px\" \/>\u00a0<\/b><\/p><p>\u00a0<\/p><p style=\"text-align: center;\"><b>\u00bfEst\u00e1s cansado de preocuparte por encontrar una tarjeta SIM local cada vez que viajas al extranjero?\u00a0<\/b><\/p><p style=\"text-align: center;\">\u00a0<\/p><p style=\"text-align: center;\">Una excelente opcion para evitar dolores de cabeza es obtener la eSIM de Holafly. Esta eSIM cuenta con una tecnolog\u00eda te permite mantener tu conexi\u00f3n a Internet en diferentes destinos alrededor del mundo, sin necesidad de cambiar de tarjeta SIM ni hacer tr\u00e1mites complicados, asi podras permanecer conectado desde el mismo momento que aterriza tu vuelo.<\/p><p>\u00a0<\/p><p style=\"text-align: center;\"><b>\u00bfCOMO FUNCIONA?<\/b><\/p><p>\u00a0<\/p><p>Es simple. Solo necesitas ingresa a esta pagina\u00a0<a href=\"https:\/\/esim.holafly.com\/es\/?ref=ndi4yjj&amp;discount=VAMOSARECORRERELMUNDO&amp;utm_source=vamosarecorrerelmundo&amp;utm_medium=affiliation\" target=\"_blank\" rel=\"noopener\">eSIMdeholafly<\/a>, y seleccionar el destino, fechas de viaje y el plan que mejor se adapte a tus necesidades de y con un par de clicks obtendars tu eSIM.<\/p><p>\u00a0<\/p><p>\u00a0\u00a1Listo! Ahora puedes disfrutar de datos m\u00f3viles r\u00e1pidos y confiables en cualquier lugar del mundo, sin complicaciones.<\/p><p>\u00a0<\/p><p><b>* ANTES DE ADQUIRIR TU eSIM VERIFICA LA COMPATIBILIDAD DE TU TELEFONO MOVIL<\/b><\/p>\t\t\t\t\t\t<\/div>\n\t\t\t\t<\/div>\n\t\t\t\t<div class=\"elementor-element elementor-element-430d6c4 elementor-align-center elementor-widget elementor-widget-button\" data-id=\"430d6c4\" data-element_type=\"widget\" data-widget_type=\"button.default\">\n\t\t\t\t<div class=\"elementor-widget-container\">\n\t\t\t\t\t<div class=\"elementor-button-wrapper\">\n\t\t\t<a class=\"elementor-button elementor-button-link elementor-size-sm\" href=\"https:\/\/esim.holafly.com\/es\/?ref=ndi4yjj&#038;discount=VAMOSARECORRERELMUNDO&#038;utm_source=vamosarecorrerelmundo&#038;utm_medium=affiliation\">\n\t\t\t\t\t\t<span class=\"elementor-button-content-wrapper\">\n\t\t\t\t\t\t<span class=\"elementor-button-text\">CONSIGUE TU eSIM CON DESCUENTO<\/span>\n\t\t<\/span>\n\t\t\t\t\t<\/a>\n\t\t<\/div>\n\t\t\t\t<\/div>\n\t\t\t\t<\/div>\n\t\t\t\t\t<\/div>\n\t\t\t\t<\/div>\n\t\t<div class=\"elementor-element elementor-element-923c82e e-flex e-con-boxed e-con e-parent\" data-id=\"923c82e\" data-element_type=\"container\" data-settings=\"{&quot;container_type&quot;:&quot;flex&quot;,&quot;content_width&quot;:&quot;boxed&quot;}\" data-core-v316-plus=\"true\">\n\t\t\t\t\t<div class=\"e-con-inner\">\n\t\t\t\t\t<\/div>\n\t\t\t\t<\/div>\n\t\t\t\t\t\t\t<\/div>\n\t\t","protected":false},"excerpt":{"rendered":"<p>DATOS MOVILES EN CUALQUIER LUGAR DEL MUNDO INTERNET DESDE EL MOMENTO EN QUE ATERRIZAS \u00a1Descubre la revolucionaria eSIM de Holafly para tener datos m\u00f3viles en cualquier lugar del mundo! \u00a0 \u00a0 \u00a0 \u00bfEst\u00e1s cansado de preocuparte por encontrar una tarjeta SIM local cada vez que viajas al extranjero?\u00a0 \u00a0 Una excelente opcion para evitar dolores &hellip;<\/p>\n<p class=\"read-more\"> <a class=\"\" href=\"https:\/\/vamosarecorrerelmundo.com\/index.php\/descuento-holafly\/\"> <span class=\"screen-reader-text\">descuento holafly<\/span> Leer m\u00e1s &raquo;<\/a><\/p>\n","protected":false},"author":1,"featured_media":0,"parent":0,"menu_order":0,"comment_status":"closed","ping_status":"closed","template":"","meta":{"_uag_custom_page_level_css":"","site-sidebar-layout":"no-sidebar","site-content-layout":"page-builder","ast-site-content-layout":"full-width-container","site-content-style":"default","site-sidebar-style":"default","ast-global-header-display":"","ast-banner-title-visibility":"","ast-main-header-display":"","ast-hfb-above-header-display":"","ast-hfb-below-header-display":"","ast-hfb-mobile-header-display":"","site-post-title":"disabled","ast-breadcrumbs-content":"","ast-featured-img":"disabled","footer-sml-layout":"","theme-transparent-header-meta":"","adv-header-id-meta":"","stick-header-meta":"","header-above-stick-meta":"","header-main-stick-meta":"","header-below-stick-meta":"","astra-migrate-meta-layouts":"set","ast-page-background-enabled":"default","ast-page-background-meta":{"desktop":{"background-color":"var(--ast-global-color-4)","background-image":"","background-repeat":"repeat","background-position":"center center","background-size":"auto","background-attachment":"scroll","background-type":"","background-media":"","overlay-type":"","overlay-color":"","overlay-gradient":""},"tablet":{"background-color":"","background-image":"","background-repeat":"repeat","background-position":"center center","background-size":"auto","background-attachment":"scroll","background-type":"","background-media":"","overlay-type":"","overlay-color":"","overlay-gradient":""},"mobile":{"background-color":"","background-image":"","background-repeat":"repeat","background-position":"center center","background-size":"auto","background-attachment":"scroll","background-type":"","background-media":"","overlay-type":"","overlay-color":"","overlay-gradient":""}},"ast-content-background-meta":{"desktop":{"background-color":"var(--ast-global-color-5)","background-image":"","background-repeat":"repeat","background-position":"center center","background-size":"auto","background-attachment":"scroll","background-type":"","background-media":"","overlay-type":"","overlay-color":"","overlay-gradient":""},"tablet":{"background-color":"var(--ast-global-color-5)","background-image":"","background-repeat":"repeat","background-position":"center center","background-size":"auto","background-attachment":"scroll","background-type":"","background-media":"","overlay-type":"","overlay-color":"","overlay-gradient":""},"mobile":{"background-color":"var(--ast-global-color-5)","background-image":"","background-repeat":"repeat","background-position":"center center","background-size":"auto","background-attachment":"scroll","background-type":"","background-media":"","overlay-type":"","overlay-color":"","overlay-gradient":""}},"_glsr_average":0,"_glsr_ranking":0,"_glsr_reviews":0,"footnotes":""},"class_list":["post-3718","page","type-page","status-publish","hentry"],"uagb_featured_image_src":{"full":false,"thumbnail":false,"medium":false,"medium_large":false,"large":false,"1536x1536":false,"2048x2048":false},"uagb_author_info":{"display_name":"vamosarecorrerelmundo.com","author_link":"https:\/\/vamosarecorrerelmundo.com\/index.php\/author\/vamosarecorrerelmundo-com\/"},"uagb_comment_info":0,"uagb_excerpt":"DATOS MOVILES EN CUALQUIER LUGAR DEL MUNDO INTERNET DESDE EL MOMENTO EN QUE ATERRIZAS \u00a1Descubre la revolucionaria eSIM de Holafly para tener datos m\u00f3viles en cualquier lugar del mundo! \u00a0 \u00a0 \u00a0 \u00bfEst\u00e1s cansado de preocuparte por encontrar una tarjeta SIM local cada vez que viajas al extranjero?\u00a0 \u00a0 Una excelente opcion para evitar dolores&hellip;","_links":{"self":[{"href":"https:\/\/vamosarecorrerelmundo.com\/index.php\/wp-json\/wp\/v2\/pages\/3718","targetHints":{"allow":["GET"]}}],"collection":[{"href":"https:\/\/vamosarecorrerelmundo.com\/index.php\/wp-json\/wp\/v2\/pages"}],"about":[{"href":"https:\/\/vamosarecorrerelmundo.com\/index.php\/wp-json\/wp\/v2\/types\/page"}],"author":[{"embeddable":true,"href":"https:\/\/vamosarecorrerelmundo.com\/index.php\/wp-json\/wp\/v2\/users\/1"}],"replies":[{"embeddable":true,"href":"https:\/\/vamosarecorrerelmundo.com\/index.php\/wp-json\/wp\/v2\/comments?post=3718"}],"version-history":[{"count":43,"href":"https:\/\/vamosarecorrerelmundo.com\/index.php\/wp-json\/wp\/v2\/pages\/3718\/revisions"}],"predecessor-version":[{"id":6507,"href":"https:\/\/vamosarecorrerelmundo.com\/index.php\/wp-json\/wp\/v2\/pages\/3718\/revisions\/6507"}],"wp:attachment":[{"href":"https:\/\/vamosarecorrerelmundo.com\/index.php\/wp-json\/wp\/v2\/media?parent=3718"}],"curies":[{"name":"wp","href":"https:\/\/api.w.org\/{rel}","templated":true}]}}