{"id":7108,"date":"2024-08-15T19:59:37","date_gmt":"2024-08-15T19:59:37","guid":{"rendered":"https:\/\/vamosarecorrerelmundo.com\/?page_id=7108"},"modified":"2024-08-15T20:00:49","modified_gmt":"2024-08-15T20:00:49","slug":"comenta-tu-expericia-con-vamos-a-recorrer-el-mundo","status":"publish","type":"page","link":"https:\/\/vamosarecorrerelmundo.com\/index.php\/comenta-tu-expericia-con-vamos-a-recorrer-el-mundo\/","title":{"rendered":"COMENTA TU EXPERICIA CON &#8220;VAMOS A RECORRER EL MUNDO&#8221;"},"content":{"rendered":"<div class=\"glsr glsr-default\" id=\"glsr_a1568b21\" data-from=\"block\" data-shortcode=\"site_reviews_summary\"><div class=\"glsr-summary-wrap\">\n    <div class=\"glsr-summary\">\n        <div class=\"glsr-summary-rating\"><span class=\"glsr-tag-value\">5,0<\/span><\/div>\n        <div class=\"glsr-summary-stars\"><div class=\"glsr-star-rating glsr-stars\" role=\"img\" aria-label=\"Rated 5 out of 5 stars based on 3 ratings\" data-rating=\"5\" data-reviews=\"3\"><span class=\"glsr-star glsr-star-full\" aria-hidden=\"true\"><\/span><span class=\"glsr-star glsr-star-full\" aria-hidden=\"true\"><\/span><span class=\"glsr-star glsr-star-full\" aria-hidden=\"true\"><\/span><span class=\"glsr-star glsr-star-full\" aria-hidden=\"true\"><\/span><span class=\"glsr-star glsr-star-full\" aria-hidden=\"true\"><\/span><\/div><\/div>\n        <div class=\"glsr-summary-text\"><span class=\"glsr-tag-value\">5,0 out of 5 stars (based on 3 reviews)<\/span><\/div>\n        <div class=\"glsr-summary-percentages\"><div class=\"glsr-bar\" data-level=\"5\"><span class=\"glsr-bar-label\">Excellent<\/span><span class=\"glsr-bar-background\"><span class=\"glsr-bar-background-percent\" style=\"width:100%\"><\/span><\/span><span class=\"glsr-bar-percent\">100%<\/span><\/div><div class=\"glsr-bar\" data-level=\"4\"><span class=\"glsr-bar-label\">Very good<\/span><span class=\"glsr-bar-background\"><span class=\"glsr-bar-background-percent\" style=\"width:0%\"><\/span><\/span><span class=\"glsr-bar-percent\">0%<\/span><\/div><div class=\"glsr-bar\" data-level=\"3\"><span class=\"glsr-bar-label\">Average<\/span><span class=\"glsr-bar-background\"><span class=\"glsr-bar-background-percent\" style=\"width:0%\"><\/span><\/span><span class=\"glsr-bar-percent\">0%<\/span><\/div><div class=\"glsr-bar\" data-level=\"2\"><span class=\"glsr-bar-label\">Poor<\/span><span class=\"glsr-bar-background\"><span class=\"glsr-bar-background-percent\" style=\"width:0%\"><\/span><\/span><span class=\"glsr-bar-percent\">0%<\/span><\/div><div class=\"glsr-bar\" data-level=\"1\"><span class=\"glsr-bar-label\">Terrible<\/span><span class=\"glsr-bar-background\"><span class=\"glsr-bar-background-percent\" style=\"width:0%\"><\/span><\/span><span class=\"glsr-bar-percent\">0%<\/span><\/div><\/div>\n    <\/div>\n<\/div><\/div>\n\n<div class=\"glsr glsr-default\" id=\"glsr_291f2f71\" data-from=\"block\" data-shortcode=\"site_reviews\"><div class=\"glsr-reviews-wrap\">\n    <div class=\"glsr-reviews\">\n        <div class=\"glsr-review\" data-type=\"local\" id=\"review-7149\" data-assigned='[]'>\n    <div class=\"glsr-review-title\"><h4 class=\"glsr-tag-value\">Sue\u00f1os cumplidos<\/h4><\/div>\n    <div class=\"glsr-review-rating\"><div class=\"glsr-star-rating glsr-stars\" role=\"img\" aria-label=\"Rated 5 out of 5 stars\" data-rating=\"5\" data-reviews=\"0\"><span class=\"glsr-star glsr-star-full\" aria-hidden=\"true\"><\/span><span class=\"glsr-star glsr-star-full\" aria-hidden=\"true\"><\/span><span class=\"glsr-star glsr-star-full\" aria-hidden=\"true\"><\/span><span class=\"glsr-star glsr-star-full\" aria-hidden=\"true\"><\/span><span class=\"glsr-star glsr-star-full\" aria-hidden=\"true\"><\/span><\/div><\/div> <div class=\"glsr-review-date\"><span class=\"glsr-tag-value\">agosto 17, 2024<\/span><\/div>\n    \n    <div class=\"glsr-review-content\"><div class=\"glsr-tag-value\" data-expanded=\"false\"><p class=\"glsr-hidden-text\" data-show-less=\"Show less\" data-show-more=\"Show more\" data-trigger=\"expand\">Creo que ha sido la mejor experiencia que tenido, con VAMOS A RECORRER EL MUNDO he podido cumplir mi sue\u00f1o de recorrer y conocer algunos lugares del mundo, ya han sido dos viajes realizados 12 pa\u00edses visitados y la experiencia, el acompa\u00f1amiento, el cumplimiento de todo el itinerario, brindan un excelente servicio y lo mejor<span class=\"glsr-hidden\"> de todo el precio s\u00faper econ\u00f3mico.<\/span><\/p><\/div><\/div>\n     <div class=\"glsr-review-author\"><span class=\"glsr-tag-value\">Jorge Cardona<\/span><\/div> \n    \n<\/div>\n<div class=\"glsr-review\" data-type=\"local\" id=\"review-7148\" data-assigned='[]'>\n    <div class=\"glsr-review-title\"><h4 class=\"glsr-tag-value\">VIAJAR, AL ALCANCE DE TODOS<\/h4><\/div>\n    <div class=\"glsr-review-rating\"><div class=\"glsr-star-rating glsr-stars\" role=\"img\" aria-label=\"Rated 5 out of 5 stars\" data-rating=\"5\" data-reviews=\"0\"><span class=\"glsr-star glsr-star-full\" aria-hidden=\"true\"><\/span><span class=\"glsr-star glsr-star-full\" aria-hidden=\"true\"><\/span><span class=\"glsr-star glsr-star-full\" aria-hidden=\"true\"><\/span><span class=\"glsr-star glsr-star-full\" aria-hidden=\"true\"><\/span><span class=\"glsr-star glsr-star-full\" aria-hidden=\"true\"><\/span><\/div><\/div> <div class=\"glsr-review-date\"><span class=\"glsr-tag-value\">agosto 16, 2024<\/span><\/div>\n    \n    <div class=\"glsr-review-content\"><div class=\"glsr-tag-value\" data-expanded=\"false\"><p class=\"glsr-hidden-text\" data-show-less=\"Show less\" data-show-more=\"Show more\" data-trigger=\"expand\">Mi hija anhelaba como regalo de 15 a\u00f1os, conocer Italia, y gracias a Brayan y VAMOS A RECORRER EL MUNDO, ese sue\u00f1o se hizo realidad, como primera opci\u00f3n junto con mi esposo averiguamos en varias agencias de viajes conocidas y lo que nos ofrec\u00edan superaba nuestro presupuesto, ya que la idea era viajar los 3<span class=\"glsr-hidden\">, tambi\u00e9n quisimos nosotros mismos organizar el viaje por nuestra cuenta, pero no nos atrevimos, hab\u00eda que tener en cuenta varias cosas, en pocas palabras, lo vimos muy complicado, era mucho m\u00e1s econ\u00f3mico que las agencias de viajes, pero obviamente muy engorroso.<\/span><\/p>\n<p class=\"glsr-hidden\">Gracias a Dios, buscando por YouTube, encontramos VAMOS A RECORRER EL MUNDO, y decidimos pedirles asesor\u00eda, desde el primer momento siempre contamos con todo el apoyo, gracias a su experiencia, seriedad y toda las ganas de ayudar, nos guiaron desde lo m\u00e1s b\u00e1sico, como reunir la documentaci\u00f3n necesaria, comprar tiquetes aereos, el hospedaje, trenes, tiquetes para sitios de inter\u00e9s, y muchas cosas m\u00e1s que son importantes al momento de viajar. Para resumir nuestra experiencia, logramos conocer Madrid, de Italia conocimos Roma, Mil\u00e1n, Florencia, bolognia, Venecia, pisa y st. Moritz en suiza.<\/p>\n<p class=\"glsr-hidden\">Definitivamente para nuestros pr\u00f3ximos viajes, buscaremos nuevamente a VAMOS A RECORRER EL MUNDO, su asesor\u00eda, nos permiti\u00f3, acomodar nuestro viaje, seg\u00fan nuestro presupuesto y los sitios que quer\u00edamos conocer, total acompa\u00f1amiento antes, durante y despu\u00e9s del viaje, mil gracias.<\/p><\/div><\/div>\n     <div class=\"glsr-review-author\"><span class=\"glsr-tag-value\">Carolina Jim\u00e9nez carpintero<\/span><\/div> \n    \n<\/div>\n<div class=\"glsr-review\" data-type=\"local\" id=\"review-7147\" data-assigned='[]'>\n    <div class=\"glsr-review-title\"><h4 class=\"glsr-tag-value\">Experiencia excepcional!<\/h4><\/div>\n    <div class=\"glsr-review-rating\"><div class=\"glsr-star-rating glsr-stars\" role=\"img\" aria-label=\"Rated 5 out of 5 stars\" data-rating=\"5\" data-reviews=\"0\"><span class=\"glsr-star glsr-star-full\" aria-hidden=\"true\"><\/span><span class=\"glsr-star glsr-star-full\" aria-hidden=\"true\"><\/span><span class=\"glsr-star glsr-star-full\" aria-hidden=\"true\"><\/span><span class=\"glsr-star glsr-star-full\" aria-hidden=\"true\"><\/span><span class=\"glsr-star glsr-star-full\" aria-hidden=\"true\"><\/span><\/div><\/div> <div class=\"glsr-review-date\"><span class=\"glsr-tag-value\">agosto 15, 2024<\/span><\/div>\n    \n    <div class=\"glsr-review-content\"><div class=\"glsr-tag-value\" data-expanded=\"false\"><p class=\"glsr-hidden-text\" data-show-less=\"Show less\" data-show-more=\"Show more\" data-trigger=\"expand\">\u00a1\u00a1Maravilloso!! es la palabra que define lo que ha sido viajar con VAMOS A RECORRER EL MUNDO, Nunca pens\u00e9 que cumplir el sue\u00f1o de viajar y conocer varios pa\u00edses fuera posible sin contar con una gran cantidad de dinero. Afortunadamente conoc\u00ed esta agencia que se encarg\u00f3 de todos los detalles log\u00edsticos de mi viaje, desde<span class=\"glsr-hidden\"> el momento de la reserva hasta el \u00faltimo d\u00eda de aventura. \u00a1Todo fue espectacular! Itinerario bien planificado, la atenci\u00f3n personalizada y el acompa\u00f1amiento.<\/span><\/p>\n<p class=\"glsr-hidden\">Cumpli\u00f3 todas las expectativas que tenia de mi viaje a Europa, me sent\u00ed como parte de una familia de viajeros. ya he viajado dos veces con Vamos a recorrer el mundo y la tercera est\u00e1 pr\u00f3xima.<\/p>\n<p class=\"glsr-hidden\">Super recomendado!!<\/p><\/div><\/div>\n     <div class=\"glsr-review-author\"><span class=\"glsr-tag-value\">Luz Yamileth Correa<\/span><\/div> \n    \n<\/div>\n    <\/div>\n    \n<\/div><\/div>\n\n<div class=\"glsr glsr-default\" id=\"glsr_2b95e641\" data-from=\"block\" data-shortcode=\"site_reviews_form\"><div class=\"glsr-form-wrap\">\n    <form class=\"glsr-review-form glsr-form\" method=\"post\" enctype=\"multipart\/form-data\">\n        <input type=\"hidden\" name=\"site-reviews[_action]\" value=\"submit-review\" \/>\n<input type=\"hidden\" name=\"site-reviews[_nonce]\" value=\"13a82a5435\" \/>\n<input type=\"hidden\" name=\"site-reviews[_post_id]\" value=\"7108\" \/>\n<input type=\"hidden\" name=\"site-reviews[_referer]\" value=\"\" \/>\n<input type=\"hidden\" name=\"site-reviews[assigned_posts]\" value=\"\" \/>\n<input type=\"hidden\" name=\"site-reviews[assigned_terms]\" value=\"\" \/>\n<input type=\"hidden\" name=\"site-reviews[assigned_users]\" value=\"\" \/>\n<input type=\"hidden\" name=\"site-reviews[excluded]\" value=\"Vvp5Z52qmu2z5B6WR9t4Yg\" \/>\n<input type=\"hidden\" name=\"site-reviews[form_id]\" value=\"glsr_2b95e641\" \/>\n<input type=\"hidden\" name=\"site-reviews[terms_exist]\" value=\"1\" \/>\n<div class=\"glsr-field\" style=\"display:none;\"><label for=\"site-reviews-aea44c97-glsr_2b95e641\">Your review<\/label><input type=\"text\" class=\"glsr-input glsr-input-text\" id=\"site-reviews-aea44c97-glsr_2b95e641\" name=\"site-reviews[aea44c97]\" value=\"\" \/><\/div>\n<div class=\"glsr-field glsr-field-rating glsr-required\" data-field=\"rating\">\n    <label class=\"glsr-label\" for=\"glsr_2b95e641-rating\">\n    <span>Your overall rating<\/span>\n<\/label>\n    \n    <select class=\"browser-default no_wrap no-wrap glsr-select\" id=\"glsr_2b95e641-rating\" name=\"site-reviews[rating]\" required><option value=\"\">Select a Rating<\/option><option value=\"5\">5 Stars<\/option><option value=\"4\">4 Stars<\/option><option value=\"3\">3 Stars<\/option><option value=\"2\">2 Stars<\/option><option value=\"1\">1 Star<\/option><\/select>\n    <div class=\"glsr-field-error\"><\/div>\n<\/div>\n<div class=\"glsr-field glsr-field-text glsr-required\" data-field=\"title\">\n    <label class=\"glsr-label\" for=\"glsr_2b95e641-title\">\n    <span>Title of your review<\/span>\n<\/label>\n    \n    <input type=\"text\" class=\"glsr-input glsr-input-text\" id=\"glsr_2b95e641-title\" name=\"site-reviews[title]\" required placeholder=\"Summarize your review or highlight an interesting detail\" value=\"\" \/>\n    <div class=\"glsr-field-error\"><\/div>\n<\/div>\n<div class=\"glsr-field glsr-field-textarea glsr-required\" data-field=\"content\">\n    <label class=\"glsr-label\" for=\"glsr_2b95e641-content\">\n    <span>Your review<\/span>\n<\/label>\n    \n    <textarea class=\"glsr-textarea\" id=\"glsr_2b95e641-content\" name=\"site-reviews[content]\" required placeholder=\"Tell people your review\" rows=\"5\"><\/textarea>\n    <div class=\"glsr-field-error\"><\/div>\n<\/div>\n<div class=\"glsr-field glsr-field-text glsr-required\" data-field=\"name\">\n    <label class=\"glsr-label\" for=\"glsr_2b95e641-name\">\n    <span>Your name<\/span>\n<\/label>\n    \n    <input type=\"text\" class=\"glsr-input glsr-input-text\" id=\"glsr_2b95e641-name\" name=\"site-reviews[name]\" required placeholder=\"Tell us your name\" value=\"\" \/>\n    <div class=\"glsr-field-error\"><\/div>\n<\/div>\n<div class=\"glsr-field glsr-field-email\" data-field=\"email\">\n    <label class=\"glsr-label\" for=\"glsr_2b95e641-email\">\n    <span>Your email<\/span>\n<\/label>\n    \n    <input type=\"email\" class=\"glsr-input glsr-input-email\" id=\"glsr_2b95e641-email\" name=\"site-reviews[email]\" placeholder=\"Tell us your email\" value=\"\" \/>\n    <div class=\"glsr-field-error\"><\/div>\n<\/div>\n<div class=\"glsr-field glsr-field-choice glsr-required\" data-field=\"terms\">\n    \n    \n    <span class=\"glsr-field-toggle\">\n    <span class=\"glsr-toggle\">\n        <label for=\"glsr_2b95e641-terms-1\">This review is based on my own experience and is my genuine opinion.<\/label>\n        <span class=\"glsr-toggle-switch\">\n            <input type=\"checkbox\" id=\"glsr_2b95e641-terms-1\" name=\"site-reviews[terms]\" required value=\"1\" \/> &#8203; <!-- zero-space character used for alignment -->\n            <span class=\"glsr-toggle-track\"><\/span>\n        <\/span>\n    <\/span>\n<\/span>\n    <div class=\"glsr-field-error\"><\/div>\n<\/div>\n        <div class=\"glsr-captcha-holder\"><\/div><div class=\"glsr-form-message\">\n    \n<\/div>\n        <div data-field=\"submit-button\">\n    <div class=\"wp-block-button\">\n        <button type=\"submit\" class=\"glsr-button wp-block-button__link\" aria-busy=\"false\" data-loading=\"Submitting, please wait...\">Submit Review<\/button>\n    <\/div>\n<\/div>\n    <\/form>\n<\/div><\/div>","protected":false},"excerpt":{"rendered":"","protected":false},"author":1,"featured_media":0,"parent":0,"menu_order":0,"comment_status":"closed","ping_status":"closed","template":"","meta":{"_uag_custom_page_level_css":"","site-sidebar-layout":"default","site-content-layout":"","ast-site-content-layout":"default","site-content-style":"default","site-sidebar-style":"default","ast-global-header-display":"","ast-banner-title-visibility":"","ast-main-header-display":"","ast-hfb-above-header-display":"","ast-hfb-below-header-display":"","ast-hfb-mobile-header-display":"","site-post-title":"","ast-breadcrumbs-content":"","ast-featured-img":"","footer-sml-layout":"","theme-transparent-header-meta":"","adv-header-id-meta":"","stick-header-meta":"","header-above-stick-meta":"","header-main-stick-meta":"","header-below-stick-meta":"","astra-migrate-meta-layouts":"set","ast-page-background-enabled":"default","ast-page-background-meta":{"desktop":{"background-color":"var(--ast-global-color-4)","background-image":"","background-repeat":"repeat","background-position":"center center","background-size":"auto","background-attachment":"scroll","background-type":"","background-media":"","overlay-type":"","overlay-color":"","overlay-gradient":""},"tablet":{"background-color":"","background-image":"","background-repeat":"repeat","background-position":"center center","background-size":"auto","background-attachment":"scroll","background-type":"","background-media":"","overlay-type":"","overlay-color":"","overlay-gradient":""},"mobile":{"background-color":"","background-image":"","background-repeat":"repeat","background-position":"center center","background-size":"auto","background-attachment":"scroll","background-type":"","background-media":"","overlay-type":"","overlay-color":"","overlay-gradient":""}},"ast-content-background-meta":{"desktop":{"background-color":"var(--ast-global-color-5)","background-image":"","background-repeat":"repeat","background-position":"center center","background-size":"auto","background-attachment":"scroll","background-type":"","background-media":"","overlay-type":"","overlay-color":"","overlay-gradient":""},"tablet":{"background-color":"var(--ast-global-color-5)","background-image":"","background-repeat":"repeat","background-position":"center center","background-size":"auto","background-attachment":"scroll","background-type":"","background-media":"","overlay-type":"","overlay-color":"","overlay-gradient":""},"mobile":{"background-color":"var(--ast-global-color-5)","background-image":"","background-repeat":"repeat","background-position":"center center","background-size":"auto","background-attachment":"scroll","background-type":"","background-media":"","overlay-type":"","overlay-color":"","overlay-gradient":""}},"_glsr_average":0,"_glsr_ranking":0,"_glsr_reviews":0,"footnotes":""},"class_list":["post-7108","page","type-page","status-publish","hentry"],"uagb_featured_image_src":{"full":false,"thumbnail":false,"medium":false,"medium_large":false,"large":false,"1536x1536":false,"2048x2048":false},"uagb_author_info":{"display_name":"vamosarecorrerelmundo.com","author_link":"https:\/\/vamosarecorrerelmundo.com\/index.php\/author\/vamosarecorrerelmundo-com\/"},"uagb_comment_info":0,"uagb_excerpt":null,"_links":{"self":[{"href":"https:\/\/vamosarecorrerelmundo.com\/index.php\/wp-json\/wp\/v2\/pages\/7108","targetHints":{"allow":["GET"]}}],"collection":[{"href":"https:\/\/vamosarecorrerelmundo.com\/index.php\/wp-json\/wp\/v2\/pages"}],"about":[{"href":"https:\/\/vamosarecorrerelmundo.com\/index.php\/wp-json\/wp\/v2\/types\/page"}],"author":[{"embeddable":true,"href":"https:\/\/vamosarecorrerelmundo.com\/index.php\/wp-json\/wp\/v2\/users\/1"}],"replies":[{"embeddable":true,"href":"https:\/\/vamosarecorrerelmundo.com\/index.php\/wp-json\/wp\/v2\/comments?post=7108"}],"version-history":[{"count":2,"href":"https:\/\/vamosarecorrerelmundo.com\/index.php\/wp-json\/wp\/v2\/pages\/7108\/revisions"}],"predecessor-version":[{"id":7111,"href":"https:\/\/vamosarecorrerelmundo.com\/index.php\/wp-json\/wp\/v2\/pages\/7108\/revisions\/7111"}],"wp:attachment":[{"href":"https:\/\/vamosarecorrerelmundo.com\/index.php\/wp-json\/wp\/v2\/media?parent=7108"}],"curies":[{"name":"wp","href":"https:\/\/api.w.org\/{rel}","templated":true}]}}